{"id":121,"date":"2022-01-19T16:16:55","date_gmt":"2022-01-19T16:16:55","guid":{"rendered":"https:\/\/grape-harbor-prata.ms.decms.eu\/?page_id=121"},"modified":"2022-02-08T16:13:51","modified_gmt":"2022-02-08T16:13:51","slug":"onde-estamos","status":"publish","type":"page","link":"https:\/\/www.grapeharbor.com\/pt-pt\/onde-estamos\/","title":{"rendered":"Onde estamos"},"content":{"rendered":"<p>Num edificio totalmente recuperado e preservando a salvaguarda pombalina, o hotel est\u00e1 situado no cora\u00e7\u00e3o da baixa de Lisboa e \u00e9 marcado por uma atmosfera contempor\u00e2nea que nos permite sentir a alma da cidade em cada momento.<\/p>\n<p>O edifcio com tra\u00e7o original pombalino, conserva a geometria da zona hist\u00f3rica e est\u00e1 apenas a 500 metros do da Pra\u00e7a do Rossio, a 300 metros da Pra\u00e7a do Com\u00e9rcio, com vista para o Rio Tejo. Pode caminhar at\u00e9 \u00e0 popular zona do Chiado e encontrar o com\u00e9rcio tradicional ou subir a Avenida da Liberdade onde encontra lojas das mais conceituadas marcas de moda internacional. Ao redor do Hotel, pode explorar a p\u00e9 os muitos pontos de interesse e locais hist\u00f3ricos que Lisboa tem para partilhar.<\/p>\n<p>Se gosta de se aventurar pela gastronomia local, tem uma grande variedade de restaurantes e bares a uma curta caminhada, a maioria dos quais de cozinha de autor e tradicional portuguesa.<\/p>\n<h2>Como chegar at\u00e9 n\u00f3s<\/h2>\n<p><strong>Aeroporto mais pr\u00f3ximo:<\/strong> Aeroporto Humberto Delgado<\/p>\n<p><strong>De carro:<\/strong> 20 min.<\/p>\n<p><strong>Transportes p\u00fablicos:<\/strong><\/p>\n<p>Esta\u00e7\u00e3o de metro de Baixa-Chiado 0.2 km<br \/>\nEsta\u00e7\u00e3o de metro do Rossio 0.4 km<br \/>\nComboio Esta\u00e7\u00e3o Rossio 1.1 km<br \/>\nComboio Esta\u00e7\u00e3o Santa Apol\u00f3nia 2.8 km<\/p>\n","protected":false},"excerpt":{"rendered":"<p>Num edificio totalmente recuperado e preservando a salvaguarda pombalina, o hotel est\u00e1 situado no cora\u00e7\u00e3o da baixa de Lisboa e \u00e9 marcado por uma atmosfera contempor\u00e2nea que nos permite sentir a alma da cidade em cada momento. O edifcio com tra\u00e7o original pombalino, conserva a geometria da zona hist\u00f3rica e est\u00e1 apenas a 500 metros [&hellip;]<\/p>\n","protected":false},"author":36,"featured_media":0,"parent":0,"menu_order":40,"comment_status":"closed","ping_status":"closed","template":"template-location.php","meta":{"footnotes":""},"class_list":["post-121","page","type-page","status-publish","hentry"],"yoast_head":"<!-- This site is optimized with the Yoast SEO plugin v26.9 - https:\/\/yoast.com\/product\/yoast-seo-wordpress\/ -->\n<title>Onde estamos - Grape Harbor Prata -<\/title>\n<meta name=\"description\" content=\"Num edificio totalmente recuperado e preservando a salvaguarda pombalina, o hotel est\u00e1 situado no cora\u00e7\u00e3o da baixa de Lisboa e \u00e9 marcado por uma atmosfera contempor\u00e2nea que nos permite sentir a alma da cidade em cada momento.  O edifcio com tra\u00e7o original pombalino, conserva a geometria da zona hist\u00f3rica e est\u00e1 apenas a 500 metros do da Pra\u00e7a do Rossio, a 300 metros da Pra\u00e7a do Com\u00e9rcio, com vista para o Rio Tejo. Pode caminhar at\u00e9 \u00e0 popular zona do Chiado e encontrar o com\u00e9rcio tradicional ou subir a Avenida da Liberdade onde encontra lojas das mais conceituadas marcas de moda internacional\" \/>\n<meta name=\"robots\" content=\"index, follow, max-snippet:-1, max-image-preview:large, max-video-preview:-1\" \/>\n<link rel=\"canonical\" href=\"https:\/\/www.grapeharbor.com\/pt-pt\/onde-estamos\/\" \/>\n<meta property=\"og:locale\" content=\"pt_PT\" \/>\n<meta property=\"og:type\" content=\"article\" \/>\n<meta property=\"og:title\" content=\"Onde estamos - Grape Harbor Prata -\" \/>\n<meta property=\"og:description\" content=\"Num edificio totalmente recuperado e preservando a salvaguarda pombalina, o hotel est\u00e1 situado no cora\u00e7\u00e3o da baixa de Lisboa e \u00e9 marcado por uma atmosfera contempor\u00e2nea que nos permite sentir a alma da cidade em cada momento.  O edifcio com tra\u00e7o original pombalino, conserva a geometria da zona hist\u00f3rica e est\u00e1 apenas a 500 metros do da Pra\u00e7a do Rossio, a 300 metros da Pra\u00e7a do Com\u00e9rcio, com vista para o Rio Tejo. Pode caminhar at\u00e9 \u00e0 popular zona do Chiado e encontrar o com\u00e9rcio tradicional ou subir a Avenida da Liberdade onde encontra lojas das mais conceituadas marcas de moda internacional\" \/>\n<meta property=\"og:url\" content=\"https:\/\/www.grapeharbor.com\/pt-pt\/onde-estamos\/\" \/>\n<meta property=\"og:site_name\" content=\"Grape Harbor Prata\" \/>\n<meta property=\"article:modified_time\" content=\"2022-02-08T16:13:51+00:00\" \/>\n<meta property=\"og:image\" content=\"https:\/\/www.grapeharbor.com\/wp-content\/uploads\/sites\/398\/2022\/01\/Grape_harbor_home_slide03.jpg\" \/>\n\t<meta property=\"og:image:width\" content=\"2200\" \/>\n\t<meta property=\"og:image:height\" content=\"1200\" \/>\n\t<meta property=\"og:image:type\" content=\"image\/jpeg\" \/>\n<meta name=\"twitter:card\" content=\"summary_large_image\" \/>\n<meta name=\"twitter:label1\" content=\"Tempo estimado de leitura\" \/>\n\t<meta name=\"twitter:data1\" content=\"1 minuto\" \/>\n<script type=\"application\/ld+json\" class=\"yoast-schema-graph\">{\"@context\":\"https:\/\/schema.org\",\"@graph\":[{\"@type\":\"WebPage\",\"@id\":\"https:\/\/www.grapeharbor.com\/pt-pt\/onde-estamos\/\",\"url\":\"https:\/\/www.grapeharbor.com\/pt-pt\/onde-estamos\/\",\"name\":\"Onde estamos - Grape Harbor Prata -\",\"isPartOf\":{\"@id\":\"http:\/\/www.grapeharbor.com\/pt-pt\/#website\"},\"datePublished\":\"2022-01-19T16:16:55+00:00\",\"dateModified\":\"2022-02-08T16:13:51+00:00\",\"description\":\"Num edificio totalmente recuperado e preservando a salvaguarda pombalina, o hotel est\u00e1 situado no cora\u00e7\u00e3o da baixa de Lisboa e \u00e9 marcado por uma atmosfera contempor\u00e2nea que nos permite sentir a alma da cidade em cada momento. O edifcio com tra\u00e7o original pombalino, conserva a geometria da zona hist\u00f3rica e est\u00e1 apenas a 500 metros do da Pra\u00e7a do Rossio, a 300 metros da Pra\u00e7a do Com\u00e9rcio, com vista para o Rio Tejo. Pode caminhar at\u00e9 \u00e0 popular zona do Chiado e encontrar o com\u00e9rcio tradicional ou subir a Avenida da Liberdade onde encontra lojas das mais conceituadas marcas de moda internacional\",\"breadcrumb\":{\"@id\":\"https:\/\/www.grapeharbor.com\/pt-pt\/onde-estamos\/#breadcrumb\"},\"inLanguage\":\"pt-PT\",\"potentialAction\":[{\"@type\":\"ReadAction\",\"target\":[\"https:\/\/www.grapeharbor.com\/pt-pt\/onde-estamos\/\"]}]},{\"@type\":\"BreadcrumbList\",\"@id\":\"https:\/\/www.grapeharbor.com\/pt-pt\/onde-estamos\/#breadcrumb\",\"itemListElement\":[{\"@type\":\"ListItem\",\"position\":1,\"name\":\"Home\",\"item\":\"https:\/\/www.grapeharbor.com\/pt-pt\/\"},{\"@type\":\"ListItem\",\"position\":2,\"name\":\"Onde estamos\"}]},{\"@type\":\"WebSite\",\"@id\":\"http:\/\/www.grapeharbor.com\/pt-pt\/#website\",\"url\":\"http:\/\/www.grapeharbor.com\/pt-pt\/\",\"name\":\"Grape Harbor Prata\",\"description\":\"Just another ms.decms.eu site\",\"potentialAction\":[{\"@type\":\"SearchAction\",\"target\":{\"@type\":\"EntryPoint\",\"urlTemplate\":\"http:\/\/www.grapeharbor.com\/pt-pt\/?s={search_term_string}\"},\"query-input\":{\"@type\":\"PropertyValueSpecification\",\"valueRequired\":true,\"valueName\":\"search_term_string\"}}],\"inLanguage\":\"pt-PT\"}]}<\/script>\n<!-- \/ Yoast SEO plugin. -->","yoast_head_json":{"title":"Onde estamos - Grape Harbor Prata -","description":"Num edificio totalmente recuperado e preservando a salvaguarda pombalina, o hotel est\u00e1 situado no cora\u00e7\u00e3o da baixa de Lisboa e \u00e9 marcado por uma atmosfera contempor\u00e2nea que nos permite sentir a alma da cidade em cada momento.  O edifcio com tra\u00e7o original pombalino, conserva a geometria da zona hist\u00f3rica e est\u00e1 apenas a 500 metros do da Pra\u00e7a do Rossio, a 300 metros da Pra\u00e7a do Com\u00e9rcio, com vista para o Rio Tejo. Pode caminhar at\u00e9 \u00e0 popular zona do Chiado e encontrar o com\u00e9rcio tradicional ou subir a Avenida da Liberdade onde encontra lojas das mais conceituadas marcas de moda internacional","robots":{"index":"index","follow":"follow","max-snippet":"max-snippet:-1","max-image-preview":"max-image-preview:large","max-video-preview":"max-video-preview:-1"},"canonical":"https:\/\/www.grapeharbor.com\/pt-pt\/onde-estamos\/","og_locale":"pt_PT","og_type":"article","og_title":"Onde estamos - Grape Harbor Prata -","og_description":"Num edificio totalmente recuperado e preservando a salvaguarda pombalina, o hotel est\u00e1 situado no cora\u00e7\u00e3o da baixa de Lisboa e \u00e9 marcado por uma atmosfera contempor\u00e2nea que nos permite sentir a alma da cidade em cada momento.  O edifcio com tra\u00e7o original pombalino, conserva a geometria da zona hist\u00f3rica e est\u00e1 apenas a 500 metros do da Pra\u00e7a do Rossio, a 300 metros da Pra\u00e7a do Com\u00e9rcio, com vista para o Rio Tejo. Pode caminhar at\u00e9 \u00e0 popular zona do Chiado e encontrar o com\u00e9rcio tradicional ou subir a Avenida da Liberdade onde encontra lojas das mais conceituadas marcas de moda internacional","og_url":"https:\/\/www.grapeharbor.com\/pt-pt\/onde-estamos\/","og_site_name":"Grape Harbor Prata","article_modified_time":"2022-02-08T16:13:51+00:00","og_image":[{"width":2200,"height":1200,"url":"https:\/\/www.grapeharbor.com\/wp-content\/uploads\/sites\/398\/2022\/01\/Grape_harbor_home_slide03.jpg","type":"image\/jpeg"}],"twitter_card":"summary_large_image","twitter_misc":{"Tempo estimado de leitura":"1 minuto"},"schema":{"@context":"https:\/\/schema.org","@graph":[{"@type":"WebPage","@id":"https:\/\/www.grapeharbor.com\/pt-pt\/onde-estamos\/","url":"https:\/\/www.grapeharbor.com\/pt-pt\/onde-estamos\/","name":"Onde estamos - Grape Harbor Prata -","isPartOf":{"@id":"http:\/\/www.grapeharbor.com\/pt-pt\/#website"},"datePublished":"2022-01-19T16:16:55+00:00","dateModified":"2022-02-08T16:13:51+00:00","description":"Num edificio totalmente recuperado e preservando a salvaguarda pombalina, o hotel est\u00e1 situado no cora\u00e7\u00e3o da baixa de Lisboa e \u00e9 marcado por uma atmosfera contempor\u00e2nea que nos permite sentir a alma da cidade em cada momento. O edifcio com tra\u00e7o original pombalino, conserva a geometria da zona hist\u00f3rica e est\u00e1 apenas a 500 metros do da Pra\u00e7a do Rossio, a 300 metros da Pra\u00e7a do Com\u00e9rcio, com vista para o Rio Tejo. Pode caminhar at\u00e9 \u00e0 popular zona do Chiado e encontrar o com\u00e9rcio tradicional ou subir a Avenida da Liberdade onde encontra lojas das mais conceituadas marcas de moda internacional","breadcrumb":{"@id":"https:\/\/www.grapeharbor.com\/pt-pt\/onde-estamos\/#breadcrumb"},"inLanguage":"pt-PT","potentialAction":[{"@type":"ReadAction","target":["https:\/\/www.grapeharbor.com\/pt-pt\/onde-estamos\/"]}]},{"@type":"BreadcrumbList","@id":"https:\/\/www.grapeharbor.com\/pt-pt\/onde-estamos\/#breadcrumb","itemListElement":[{"@type":"ListItem","position":1,"name":"Home","item":"https:\/\/www.grapeharbor.com\/pt-pt\/"},{"@type":"ListItem","position":2,"name":"Onde estamos"}]},{"@type":"WebSite","@id":"http:\/\/www.grapeharbor.com\/pt-pt\/#website","url":"http:\/\/www.grapeharbor.com\/pt-pt\/","name":"Grape Harbor Prata","description":"Just another ms.decms.eu site","potentialAction":[{"@type":"SearchAction","target":{"@type":"EntryPoint","urlTemplate":"http:\/\/www.grapeharbor.com\/pt-pt\/?s={search_term_string}"},"query-input":{"@type":"PropertyValueSpecification","valueRequired":true,"valueName":"search_term_string"}}],"inLanguage":"pt-PT"}]}},"acf":[],"_links":{"self":[{"href":"https:\/\/www.grapeharbor.com\/pt-pt\/wp-json\/wp\/v2\/pages\/121","targetHints":{"allow":["GET"]}}],"collection":[{"href":"https:\/\/www.grapeharbor.com\/pt-pt\/wp-json\/wp\/v2\/pages"}],"about":[{"href":"https:\/\/www.grapeharbor.com\/pt-pt\/wp-json\/wp\/v2\/types\/page"}],"author":[{"embeddable":true,"href":"https:\/\/www.grapeharbor.com\/pt-pt\/wp-json\/wp\/v2\/users\/36"}],"replies":[{"embeddable":true,"href":"https:\/\/www.grapeharbor.com\/pt-pt\/wp-json\/wp\/v2\/comments?post=121"}],"version-history":[{"count":0,"href":"https:\/\/www.grapeharbor.com\/pt-pt\/wp-json\/wp\/v2\/pages\/121\/revisions"}],"wp:attachment":[{"href":"https:\/\/www.grapeharbor.com\/pt-pt\/wp-json\/wp\/v2\/media?parent=121"}],"curies":[{"name":"wp","href":"https:\/\/api.w.org\/{rel}","templated":true}]}}