{"id":124,"date":"2022-01-19T16:36:40","date_gmt":"2022-01-19T16:36:40","guid":{"rendered":"https:\/\/grape-harbor-prata.ms.decms.eu\/?page_id=124"},"modified":"2022-01-19T16:39:29","modified_gmt":"2022-01-19T16:39:29","slug":"contacte-nos","status":"publish","type":"page","link":"https:\/\/www.grapeharbor.com\/pt-pt\/contacte-nos\/","title":{"rendered":"Contacte-nos"},"content":{"rendered":"\n                <div class='gf_browser_gecko gform_wrapper' id='gform_wrapper_1' ><div id='gf_1' class='gform_anchor' tabindex='-1'><\/div><form method='post' enctype='multipart\/form-data' target='gform_ajax_frame_1' id='gform_1'  action='\/pt-pt\/wp-json\/wp\/v2\/pages\/124#gf_1'>\n                        <div class='gform_heading'>\n                            <span class='gform_description'><\/span>\n                        <\/div>\n                        <div class='gform_body'><ul id='gform_fields_1' class='gform_fields top_label form_sublabel_below description_below'><li id='field_1_31'  class='gfield medium gfield_contains_required field_sublabel_below field_description_below gfield_visibility_visible' ><label class='gfield_label' for='input_1_31' >Nome<span class='gfield_required'>*<\/span><\/label><div class='ginput_container ginput_container_text'><input name='input_31' id='input_1_31' type='text' value='' class='small'    placeholder='insert your name' aria-required=\"true\" aria-invalid=\"false\" \/><\/div><\/li><li id='field_1_32'  class='gfield medium gfield_contains_required field_sublabel_below field_description_below gfield_visibility_visible' ><label class='gfield_label' for='input_1_32' >Apelido<span class='gfield_required'>*<\/span><\/label><div class='ginput_container ginput_container_text'><input name='input_32' id='input_1_32' type='text' value='' class='small'    placeholder='insert your surname' aria-required=\"true\" aria-invalid=\"false\" \/><\/div><\/li><li id='field_1_2'  class='gfield medium gfield_contains_required field_sublabel_below field_description_below gfield_visibility_visible' ><label class='gfield_label' for='input_1_2' >Email<span class='gfield_required'>*<\/span><\/label><div class='ginput_container ginput_container_email'>\n                            <input name='input_2' id='input_1_2' type='text' value='' class='small'   placeholder='insert your email address' aria-required=\"true\" aria-invalid=\"false\" \/>\n                        <\/div><\/li><li id='field_1_6'  class='gfield medium gfield_contains_required field_sublabel_below field_description_below gfield_visibility_visible' ><label class='gfield_label' for='input_1_6' >Mensagem<span class='gfield_required'>*<\/span><\/label><div class='ginput_container ginput_container_textarea'><textarea name='input_6' id='input_1_6' class='textarea small'    placeholder='Escreve aqui a tua mensagem' aria-required=\"true\" aria-invalid=\"false\"   rows='10' cols='50'><\/textarea><\/div><\/li><li id='field_1_7'  class='gfield large gfield_contains_required field_sublabel_below field_description_below gfield_visibility_visible' ><label class='gfield_label'  >Pol\u00edtica de Privacidade<span class='gfield_required'>*<\/span><\/label><div class='ginput_container ginput_container_checkbox'><ul class='gfield_checkbox' id='input_1_7'><li class='gchoice_1_7_1'>\n\t\t\t\t\t\t\t\t<input name='input_7.1' type='checkbox'  value='*Pursuante \u00e0 arte. 13 do Regulamento da UE 679\/2016 GDPR Eu li a &lt;a href=&quot;https:\/\/grape-harbor-prata.ms.decms.eu\/pt-pt\/politica-de-privacidade\/&quot; target=&quot;_blank&quot;&gt;Pol\u00edtica de Privacidade&lt;\/a&gt;'  id='choice_1_7_1'   \/>\n\t\t\t\t\t\t\t\t<label for='choice_1_7_1' id='label_1_7_1'>*Pursuante \u00e0 arte. 13 do Regulamento da UE 679\/2016 GDPR Eu li a <a href=\"https:\/\/grape-harbor-prata.ms.decms.eu\/pt-pt\/politica-de-privacidade\/\" target=\"_blank\">Pol\u00edtica de Privacidade<\/a><\/label>\n\t\t\t\t\t\t\t<\/li><\/ul><\/div><\/li><li id='field_1_33'  class='gfield gfield_html gfield_html_formatted gfield_no_follows_desc field_sublabel_below field_description_below gfield_visibility_visible' >* campos obrigat\u00f3rios<\/li><li id='field_1_30'  class='gfield field_sublabel_below field_description_below gfield_visibility_visible' ><label class='gfield_label' for='input_1_30' >CAPTCHA<\/label><div id='input_1_30' class='ginput_container ginput_recaptcha' data-sitekey='6LdLKCMeAAAAAIqPMh2m2Qvbvjrrv7pzG7S2DmnL'  data-theme='light' data-tabindex='0'  data-badge=''><\/div><\/li><li id='field_1_34'  class='gfield gform_validation_container field_sublabel_below field_description_below gfield_visibility_visible' ><label class='gfield_label' for='input_1_34' >Name<\/label><div class='ginput_container'><input name='input_34' id='input_1_34' type='text' value='' \/><\/div><div class='gfield_description' id='gfield_description_1_34'>Este campo \u00e9 para efeitos de valida\u00e7\u00e3o e deve ser mantido inalterado.<\/div><\/li>\n                            <\/ul><\/div>\n        <div class='gform_footer top_label'> <input type='submit' id='gform_submit_button_1' class='gform_button button' value='Enviar'  onclick='if(window[\"gf_submitting_1\"]){return false;}  window[\"gf_submitting_1\"]=true;  ' onkeypress='if( event.keyCode == 13 ){ if(window[\"gf_submitting_1\"]){return false;} window[\"gf_submitting_1\"]=true;  jQuery(\"#gform_1\").trigger(\"submit\",[true]); }' \/> <input type='hidden' name='gform_ajax' value='form_id=1&amp;title=&amp;description=1&amp;tabindex=0' \/>\n            <input type='hidden' class='gform_hidden' name='is_submit_1' value='1' \/>\n            <input type='hidden' class='gform_hidden' name='gform_submit' value='1' \/>\n            \n            <input type='hidden' class='gform_hidden' name='gform_unique_id' value='' \/>\n            <input type='hidden' class='gform_hidden' name='state_1' value='WyJbXSIsIjMzYmYyMWNkYTJhNzA4YTM1YzdlNzFmY2RiNzcyYTQwIl0=' \/>\n            <input type='hidden' class='gform_hidden' name='gform_target_page_number_1' id='gform_target_page_number_1' value='0' \/>\n            <input type='hidden' class='gform_hidden' name='gform_source_page_number_1' id='gform_source_page_number_1' value='1' \/>\n            <input type='hidden' name='gform_field_values' value='' \/>\n            \n        <\/div>\n                        <\/form>\n                        <\/div>\n                <iframe style='display:none;width:0px;height:0px;' src='about:blank' name='gform_ajax_frame_1' id='gform_ajax_frame_1' title='Esta iframe cont\u00e9m a l\u00f3gica requerida para gerir Gravity Forms via AJAX.'><\/iframe>\n                <script type='text\/javascript'>jQuery(document).ready(function($){gformInitSpinner( 1, 'data:image\/gif;base64,R0lGODlhAQABAIAAAAAAAP\/\/\/yH5BAEAAAAALAAAAAABAAEAAAIBRAA7' );jQuery('#gform_ajax_frame_1').on('load',function(){var contents = jQuery(this).contents().find('*').html();var is_postback = contents.indexOf('GF_AJAX_POSTBACK') >= 0;if(!is_postback){return;}var form_content = jQuery(this).contents().find('#gform_wrapper_1');var is_confirmation = jQuery(this).contents().find('#gform_confirmation_wrapper_1').length > 0;var is_redirect = contents.indexOf('gformRedirect(){') >= 0;var is_form = form_content.length > 0 && ! is_redirect && ! is_confirmation;var mt = parseInt(jQuery('html').css('margin-top'), 10) + parseInt(jQuery('body').css('margin-top'), 10) + 100;if(is_form){jQuery('#gform_wrapper_1').html(form_content.html());if(form_content.hasClass('gform_validation_error')){jQuery('#gform_wrapper_1').addClass('gform_validation_error');} else {jQuery('#gform_wrapper_1').removeClass('gform_validation_error');}setTimeout( function() { \/* delay the scroll by 50 milliseconds to fix a bug in chrome *\/ jQuery(document).scrollTop(jQuery('#gform_wrapper_1').offset().top - mt); }, 50 );if(window['gformInitDatepicker']) {gformInitDatepicker();}if(window['gformInitPriceFields']) {gformInitPriceFields();}var current_page = jQuery('#gform_source_page_number_1').val();gformInitSpinner( 1, 'data:image\/gif;base64,R0lGODlhAQABAIAAAAAAAP\/\/\/yH5BAEAAAAALAAAAAABAAEAAAIBRAA7' );jQuery(document).trigger('gform_page_loaded', [1, current_page]);window['gf_submitting_1'] = false;}else if(!is_redirect){var confirmation_content = jQuery(this).contents().find('.GF_AJAX_POSTBACK').html();if(!confirmation_content){confirmation_content = contents;}setTimeout(function(){jQuery('#gform_wrapper_1').replaceWith(confirmation_content);jQuery(document).scrollTop(jQuery('#gf_1').offset().top - mt);jQuery(document).trigger('gform_confirmation_loaded', [1]);window['gf_submitting_1'] = false;}, 50);}else{jQuery('#gform_1').append(contents);if(window['gformRedirect']) {gformRedirect();}}jQuery(document).trigger('gform_post_render', [1, current_page]);} );} );<\/script><script type='text\/javascript'> jQuery(document).bind('gform_post_render', function(event, formId, currentPage){if(formId == 1) {if(typeof Placeholders != 'undefined'){\n                        Placeholders.enable();\n                    }} } );jQuery(document).bind('gform_post_conditional_logic', function(event, formId, fields, isInit){} );<\/script><script type='text\/javascript'> jQuery(document).ready(function(){jQuery(document).trigger('gform_post_render', [1, 1]) } ); <\/script>\n","protected":false},"excerpt":{"rendered":"","protected":false},"author":36,"featured_media":0,"parent":0,"menu_order":70,"comment_status":"closed","ping_status":"closed","template":"template-contacts.php","meta":{"footnotes":""},"class_list":["post-124","page","type-page","status-publish","hentry"],"yoast_head":"<!-- This site is optimized with the Yoast SEO plugin v26.9 - https:\/\/yoast.com\/product\/yoast-seo-wordpress\/ -->\n<title>Contacte-nos - Grape Harbor Prata -<\/title>\n<meta name=\"description\" content=\"[gravityform id=&quot;1&quot; title=&quot;false&quot; description=&quot;true&quot; ajax=&quot;true&quot;].\" \/>\n<meta name=\"robots\" content=\"index, follow, max-snippet:-1, max-image-preview:large, max-video-preview:-1\" \/>\n<link rel=\"canonical\" href=\"https:\/\/www.grapeharbor.com\/pt-pt\/contacte-nos\/\" \/>\n<meta property=\"og:locale\" content=\"pt_PT\" \/>\n<meta property=\"og:type\" content=\"article\" \/>\n<meta property=\"og:title\" content=\"Contacte-nos - Grape Harbor Prata -\" \/>\n<meta property=\"og:description\" content=\"[gravityform id=&quot;1&quot; title=&quot;false&quot; description=&quot;true&quot; ajax=&quot;true&quot;].\" \/>\n<meta property=\"og:url\" content=\"https:\/\/www.grapeharbor.com\/pt-pt\/contacte-nos\/\" \/>\n<meta property=\"og:site_name\" content=\"Grape Harbor Prata\" \/>\n<meta property=\"article:modified_time\" content=\"2022-01-19T16:39:29+00:00\" \/>\n<meta property=\"og:image\" content=\"https:\/\/www.grapeharbor.com\/wp-content\/uploads\/sites\/398\/2022\/01\/Grape_harbor_home_slide03.jpg\" \/>\n\t<meta property=\"og:image:width\" content=\"2200\" \/>\n\t<meta property=\"og:image:height\" content=\"1200\" \/>\n\t<meta property=\"og:image:type\" content=\"image\/jpeg\" \/>\n<meta name=\"twitter:card\" content=\"summary_large_image\" \/>\n<meta name=\"twitter:label1\" content=\"Tempo estimado de leitura\" \/>\n\t<meta name=\"twitter:data1\" content=\"1 minuto\" \/>\n<script type=\"application\/ld+json\" class=\"yoast-schema-graph\">{\"@context\":\"https:\/\/schema.org\",\"@graph\":[{\"@type\":\"WebPage\",\"@id\":\"https:\/\/www.grapeharbor.com\/pt-pt\/contacte-nos\/\",\"url\":\"https:\/\/www.grapeharbor.com\/pt-pt\/contacte-nos\/\",\"name\":\"Contacte-nos - Grape Harbor Prata -\",\"isPartOf\":{\"@id\":\"http:\/\/www.grapeharbor.com\/pt-pt\/#website\"},\"datePublished\":\"2022-01-19T16:36:40+00:00\",\"dateModified\":\"2022-01-19T16:39:29+00:00\",\"description\":\"[gravityform id=\\\"1\\\" title=\\\"false\\\" description=\\\"true\\\" ajax=\\\"true\\\"].\",\"breadcrumb\":{\"@id\":\"https:\/\/www.grapeharbor.com\/pt-pt\/contacte-nos\/#breadcrumb\"},\"inLanguage\":\"pt-PT\",\"potentialAction\":[{\"@type\":\"ReadAction\",\"target\":[\"https:\/\/www.grapeharbor.com\/pt-pt\/contacte-nos\/\"]}]},{\"@type\":\"BreadcrumbList\",\"@id\":\"https:\/\/www.grapeharbor.com\/pt-pt\/contacte-nos\/#breadcrumb\",\"itemListElement\":[{\"@type\":\"ListItem\",\"position\":1,\"name\":\"Home\",\"item\":\"https:\/\/www.grapeharbor.com\/pt-pt\/\"},{\"@type\":\"ListItem\",\"position\":2,\"name\":\"Contacte-nos\"}]},{\"@type\":\"WebSite\",\"@id\":\"http:\/\/www.grapeharbor.com\/pt-pt\/#website\",\"url\":\"http:\/\/www.grapeharbor.com\/pt-pt\/\",\"name\":\"Grape Harbor Prata\",\"description\":\"Just another ms.decms.eu site\",\"potentialAction\":[{\"@type\":\"SearchAction\",\"target\":{\"@type\":\"EntryPoint\",\"urlTemplate\":\"http:\/\/www.grapeharbor.com\/pt-pt\/?s={search_term_string}\"},\"query-input\":{\"@type\":\"PropertyValueSpecification\",\"valueRequired\":true,\"valueName\":\"search_term_string\"}}],\"inLanguage\":\"pt-PT\"}]}<\/script>\n<!-- \/ Yoast SEO plugin. -->","yoast_head_json":{"title":"Contacte-nos - Grape Harbor Prata -","description":"[gravityform id=\"1\" title=\"false\" description=\"true\" ajax=\"true\"].","robots":{"index":"index","follow":"follow","max-snippet":"max-snippet:-1","max-image-preview":"max-image-preview:large","max-video-preview":"max-video-preview:-1"},"canonical":"https:\/\/www.grapeharbor.com\/pt-pt\/contacte-nos\/","og_locale":"pt_PT","og_type":"article","og_title":"Contacte-nos - Grape Harbor Prata -","og_description":"[gravityform id=\"1\" title=\"false\" description=\"true\" ajax=\"true\"].","og_url":"https:\/\/www.grapeharbor.com\/pt-pt\/contacte-nos\/","og_site_name":"Grape Harbor Prata","article_modified_time":"2022-01-19T16:39:29+00:00","og_image":[{"width":2200,"height":1200,"url":"https:\/\/www.grapeharbor.com\/wp-content\/uploads\/sites\/398\/2022\/01\/Grape_harbor_home_slide03.jpg","type":"image\/jpeg"}],"twitter_card":"summary_large_image","twitter_misc":{"Tempo estimado de leitura":"1 minuto"},"schema":{"@context":"https:\/\/schema.org","@graph":[{"@type":"WebPage","@id":"https:\/\/www.grapeharbor.com\/pt-pt\/contacte-nos\/","url":"https:\/\/www.grapeharbor.com\/pt-pt\/contacte-nos\/","name":"Contacte-nos - Grape Harbor Prata -","isPartOf":{"@id":"http:\/\/www.grapeharbor.com\/pt-pt\/#website"},"datePublished":"2022-01-19T16:36:40+00:00","dateModified":"2022-01-19T16:39:29+00:00","description":"[gravityform id=\"1\" title=\"false\" description=\"true\" ajax=\"true\"].","breadcrumb":{"@id":"https:\/\/www.grapeharbor.com\/pt-pt\/contacte-nos\/#breadcrumb"},"inLanguage":"pt-PT","potentialAction":[{"@type":"ReadAction","target":["https:\/\/www.grapeharbor.com\/pt-pt\/contacte-nos\/"]}]},{"@type":"BreadcrumbList","@id":"https:\/\/www.grapeharbor.com\/pt-pt\/contacte-nos\/#breadcrumb","itemListElement":[{"@type":"ListItem","position":1,"name":"Home","item":"https:\/\/www.grapeharbor.com\/pt-pt\/"},{"@type":"ListItem","position":2,"name":"Contacte-nos"}]},{"@type":"WebSite","@id":"http:\/\/www.grapeharbor.com\/pt-pt\/#website","url":"http:\/\/www.grapeharbor.com\/pt-pt\/","name":"Grape Harbor Prata","description":"Just another ms.decms.eu site","potentialAction":[{"@type":"SearchAction","target":{"@type":"EntryPoint","urlTemplate":"http:\/\/www.grapeharbor.com\/pt-pt\/?s={search_term_string}"},"query-input":{"@type":"PropertyValueSpecification","valueRequired":true,"valueName":"search_term_string"}}],"inLanguage":"pt-PT"}]}},"acf":[],"_links":{"self":[{"href":"https:\/\/www.grapeharbor.com\/pt-pt\/wp-json\/wp\/v2\/pages\/124","targetHints":{"allow":["GET"]}}],"collection":[{"href":"https:\/\/www.grapeharbor.com\/pt-pt\/wp-json\/wp\/v2\/pages"}],"about":[{"href":"https:\/\/www.grapeharbor.com\/pt-pt\/wp-json\/wp\/v2\/types\/page"}],"author":[{"embeddable":true,"href":"https:\/\/www.grapeharbor.com\/pt-pt\/wp-json\/wp\/v2\/users\/36"}],"replies":[{"embeddable":true,"href":"https:\/\/www.grapeharbor.com\/pt-pt\/wp-json\/wp\/v2\/comments?post=124"}],"version-history":[{"count":0,"href":"https:\/\/www.grapeharbor.com\/pt-pt\/wp-json\/wp\/v2\/pages\/124\/revisions"}],"wp:attachment":[{"href":"https:\/\/www.grapeharbor.com\/pt-pt\/wp-json\/wp\/v2\/media?parent=124"}],"curies":[{"name":"wp","href":"https:\/\/api.w.org\/{rel}","templated":true}]}}