{"id":3,"date":"2022-01-14T13:45:36","date_gmt":"2022-01-14T13:45:36","guid":{"rendered":"https:\/\/grape-harbor-prata.ms.decms.eu\/?page_id=3"},"modified":"2022-02-10T07:55:08","modified_gmt":"2022-02-10T07:55:08","slug":"gh-prata-apartment-hotel","status":"publish","type":"page","link":"https:\/\/www.grapeharbor.com\/pt-pt\/","title":{"rendered":"Um lugar de empatia"},"content":{"rendered":"<p>Com uma localiza\u00e7\u00e3o privilegiada no cora\u00e7\u00e3o da baixa de Lisboa, o Grape Harbor apresenta suites elegantes e minimalistas para a sua estadia na cidade. A apenas 500 metros do Rossio, a 300 metros da Pra\u00e7a do Com\u00e9rcio, com vista para o Rio Tejo, pode passear at\u00e9 \u00e0 popular zona do Chiado e encontrar o com\u00e9rcio tradicional ou subir a Avenida da Liberdade onde encontrar\u00e1 lojas das mais conceituadas marcas de moda internacional. Ao redor do Hotel, pode explorar a p\u00e9 os muitos pontos de interesse e locais hist\u00f3ricos que Lisboa tem para partilhar.<\/p>\n<p>De T0 a T2, todas as suas suites incluem uma kitchenette totalmente equipada, uma \u00e1rea de estar confort\u00e1vel, uma televis\u00e3o de ecr\u00e3 plano e uma casa de banho privativa com produtos de higiene pessoal. Algumas unidades t\u00eam vista para a vida da cidade.<\/p>\n","protected":false},"excerpt":{"rendered":"<p>Com uma localiza\u00e7\u00e3o privilegiada no cora\u00e7\u00e3o da baixa de Lisboa, o Grape Harbor apresenta suites elegantes e minimalistas para a sua estadia na cidade. A apenas 500 metros do Rossio, a 300 metros da Pra\u00e7a do Com\u00e9rcio, com vista para o Rio Tejo, pode passear at\u00e9 \u00e0 popular zona do Chiado e encontrar o com\u00e9rcio [&hellip;]<\/p>\n","protected":false},"author":36,"featured_media":0,"parent":0,"menu_order":0,"comment_status":"closed","ping_status":"closed","template":"","meta":{"footnotes":""},"class_list":["post-3","page","type-page","status-publish","hentry"],"yoast_head":"<!-- This site is optimized with the Yoast SEO plugin v26.9 - https:\/\/yoast.com\/product\/yoast-seo-wordpress\/ -->\n<title>GH Prata | Apartment Hotel - no cora\u00e7\u00e3o da baixa de Lisboa<\/title>\n<meta name=\"description\" content=\"Com uma localiza\u00e7\u00e3o privilegiada no cora\u00e7\u00e3o de Lisboa, o Grape Harbor oferece elegantes apartamentos minimalistas para a sua estadia na cidade, onde a tradi\u00e7\u00e3o e a hist\u00f3ria ... est\u00e3o ao virar da esquina!\" \/>\n<meta name=\"robots\" content=\"index, follow, max-snippet:-1, max-image-preview:large, max-video-preview:-1\" \/>\n<link rel=\"canonical\" href=\"https:\/\/www.grapeharbor.com\/pt-pt\/\" \/>\n<meta property=\"og:locale\" content=\"pt_PT\" \/>\n<meta property=\"og:type\" content=\"article\" \/>\n<meta property=\"og:title\" content=\"GH Prata | Apartment Hotel - no cora\u00e7\u00e3o da baixa de Lisboa\" \/>\n<meta property=\"og:description\" content=\"Com uma localiza\u00e7\u00e3o privilegiada no cora\u00e7\u00e3o de Lisboa, o Grape Harbor oferece elegantes apartamentos minimalistas para a sua estadia na cidade, onde a tradi\u00e7\u00e3o e a hist\u00f3ria ... est\u00e3o ao virar da esquina!\" \/>\n<meta property=\"og:url\" content=\"https:\/\/www.grapeharbor.com\/pt-pt\/\" \/>\n<meta property=\"og:site_name\" content=\"Grape Harbor Prata\" \/>\n<meta property=\"article:modified_time\" content=\"2022-02-10T07:55:08+00:00\" \/>\n<meta property=\"og:image\" content=\"https:\/\/www.grapeharbor.com\/wp-content\/uploads\/sites\/398\/2022\/01\/Grape_harbor_home_slide03.jpg\" \/>\n\t<meta property=\"og:image:width\" content=\"2200\" \/>\n\t<meta property=\"og:image:height\" content=\"1200\" \/>\n\t<meta property=\"og:image:type\" content=\"image\/jpeg\" \/>\n<meta name=\"twitter:card\" content=\"summary_large_image\" \/>\n<meta name=\"twitter:label1\" content=\"Tempo estimado de leitura\" \/>\n\t<meta name=\"twitter:data1\" content=\"1 minuto\" \/>\n<script type=\"application\/ld+json\" class=\"yoast-schema-graph\">{\"@context\":\"https:\/\/schema.org\",\"@graph\":[{\"@type\":\"WebPage\",\"@id\":\"https:\/\/www.grapeharbor.com\/pt-pt\/\",\"url\":\"https:\/\/www.grapeharbor.com\/pt-pt\/\",\"name\":\"GH Prata | Apartment Hotel - no cora\u00e7\u00e3o da baixa de Lisboa\",\"isPartOf\":{\"@id\":\"http:\/\/www.grapeharbor.com\/pt-pt\/#website\"},\"datePublished\":\"2022-01-14T13:45:36+00:00\",\"dateModified\":\"2022-02-10T07:55:08+00:00\",\"description\":\"Com uma localiza\u00e7\u00e3o privilegiada no cora\u00e7\u00e3o de Lisboa, o Grape Harbor oferece elegantes apartamentos minimalistas para a sua estadia na cidade, onde a tradi\u00e7\u00e3o e a hist\u00f3ria ... est\u00e3o ao virar da esquina!\",\"breadcrumb\":{\"@id\":\"https:\/\/www.grapeharbor.com\/pt-pt\/#breadcrumb\"},\"inLanguage\":\"pt-PT\",\"potentialAction\":[{\"@type\":\"ReadAction\",\"target\":[\"https:\/\/www.grapeharbor.com\/pt-pt\/\"]}]},{\"@type\":\"BreadcrumbList\",\"@id\":\"https:\/\/www.grapeharbor.com\/pt-pt\/#breadcrumb\",\"itemListElement\":[{\"@type\":\"ListItem\",\"position\":1,\"name\":\"Home\",\"item\":\"https:\/\/www.grapeharbor.com\/pt-pt\/\"},{\"@type\":\"ListItem\",\"position\":2,\"name\":\"Um lugar de empatia\"}]},{\"@type\":\"WebSite\",\"@id\":\"http:\/\/www.grapeharbor.com\/pt-pt\/#website\",\"url\":\"http:\/\/www.grapeharbor.com\/pt-pt\/\",\"name\":\"Grape Harbor Prata\",\"description\":\"Just another ms.decms.eu site\",\"potentialAction\":[{\"@type\":\"SearchAction\",\"target\":{\"@type\":\"EntryPoint\",\"urlTemplate\":\"http:\/\/www.grapeharbor.com\/pt-pt\/?s={search_term_string}\"},\"query-input\":{\"@type\":\"PropertyValueSpecification\",\"valueRequired\":true,\"valueName\":\"search_term_string\"}}],\"inLanguage\":\"pt-PT\"}]}<\/script>\n<!-- \/ Yoast SEO plugin. -->","yoast_head_json":{"title":"GH Prata | Apartment Hotel - no cora\u00e7\u00e3o da baixa de Lisboa","description":"Com uma localiza\u00e7\u00e3o privilegiada no cora\u00e7\u00e3o de Lisboa, o Grape Harbor oferece elegantes apartamentos minimalistas para a sua estadia na cidade, onde a tradi\u00e7\u00e3o e a hist\u00f3ria ... est\u00e3o ao virar da esquina!","robots":{"index":"index","follow":"follow","max-snippet":"max-snippet:-1","max-image-preview":"max-image-preview:large","max-video-preview":"max-video-preview:-1"},"canonical":"https:\/\/www.grapeharbor.com\/pt-pt\/","og_locale":"pt_PT","og_type":"article","og_title":"GH Prata | Apartment Hotel - no cora\u00e7\u00e3o da baixa de Lisboa","og_description":"Com uma localiza\u00e7\u00e3o privilegiada no cora\u00e7\u00e3o de Lisboa, o Grape Harbor oferece elegantes apartamentos minimalistas para a sua estadia na cidade, onde a tradi\u00e7\u00e3o e a hist\u00f3ria ... est\u00e3o ao virar da esquina!","og_url":"https:\/\/www.grapeharbor.com\/pt-pt\/","og_site_name":"Grape Harbor Prata","article_modified_time":"2022-02-10T07:55:08+00:00","og_image":[{"width":2200,"height":1200,"url":"https:\/\/www.grapeharbor.com\/wp-content\/uploads\/sites\/398\/2022\/01\/Grape_harbor_home_slide03.jpg","type":"image\/jpeg"}],"twitter_card":"summary_large_image","twitter_misc":{"Tempo estimado de leitura":"1 minuto"},"schema":{"@context":"https:\/\/schema.org","@graph":[{"@type":"WebPage","@id":"https:\/\/www.grapeharbor.com\/pt-pt\/","url":"https:\/\/www.grapeharbor.com\/pt-pt\/","name":"GH Prata | Apartment Hotel - no cora\u00e7\u00e3o da baixa de Lisboa","isPartOf":{"@id":"http:\/\/www.grapeharbor.com\/pt-pt\/#website"},"datePublished":"2022-01-14T13:45:36+00:00","dateModified":"2022-02-10T07:55:08+00:00","description":"Com uma localiza\u00e7\u00e3o privilegiada no cora\u00e7\u00e3o de Lisboa, o Grape Harbor oferece elegantes apartamentos minimalistas para a sua estadia na cidade, onde a tradi\u00e7\u00e3o e a hist\u00f3ria ... est\u00e3o ao virar da esquina!","breadcrumb":{"@id":"https:\/\/www.grapeharbor.com\/pt-pt\/#breadcrumb"},"inLanguage":"pt-PT","potentialAction":[{"@type":"ReadAction","target":["https:\/\/www.grapeharbor.com\/pt-pt\/"]}]},{"@type":"BreadcrumbList","@id":"https:\/\/www.grapeharbor.com\/pt-pt\/#breadcrumb","itemListElement":[{"@type":"ListItem","position":1,"name":"Home","item":"https:\/\/www.grapeharbor.com\/pt-pt\/"},{"@type":"ListItem","position":2,"name":"Um lugar de empatia"}]},{"@type":"WebSite","@id":"http:\/\/www.grapeharbor.com\/pt-pt\/#website","url":"http:\/\/www.grapeharbor.com\/pt-pt\/","name":"Grape Harbor Prata","description":"Just another ms.decms.eu site","potentialAction":[{"@type":"SearchAction","target":{"@type":"EntryPoint","urlTemplate":"http:\/\/www.grapeharbor.com\/pt-pt\/?s={search_term_string}"},"query-input":{"@type":"PropertyValueSpecification","valueRequired":true,"valueName":"search_term_string"}}],"inLanguage":"pt-PT"}]}},"acf":[],"_links":{"self":[{"href":"https:\/\/www.grapeharbor.com\/pt-pt\/wp-json\/wp\/v2\/pages\/3","targetHints":{"allow":["GET"]}}],"collection":[{"href":"https:\/\/www.grapeharbor.com\/pt-pt\/wp-json\/wp\/v2\/pages"}],"about":[{"href":"https:\/\/www.grapeharbor.com\/pt-pt\/wp-json\/wp\/v2\/types\/page"}],"author":[{"embeddable":true,"href":"https:\/\/www.grapeharbor.com\/pt-pt\/wp-json\/wp\/v2\/users\/36"}],"replies":[{"embeddable":true,"href":"https:\/\/www.grapeharbor.com\/pt-pt\/wp-json\/wp\/v2\/comments?post=3"}],"version-history":[{"count":0,"href":"https:\/\/www.grapeharbor.com\/pt-pt\/wp-json\/wp\/v2\/pages\/3\/revisions"}],"wp:attachment":[{"href":"https:\/\/www.grapeharbor.com\/pt-pt\/wp-json\/wp\/v2\/media?parent=3"}],"curies":[{"name":"wp","href":"https:\/\/api.w.org\/{rel}","templated":true}]}}